{"id":599,"date":"2024-02-29T12:33:13","date_gmt":"2024-02-29T12:33:13","guid":{"rendered":"https:\/\/domzdravljabanjaluka.com\/simpozijum\/?page_id=599"},"modified":"2026-04-20T14:14:49","modified_gmt":"2026-04-20T14:14:49","slug":"program-stomatologija","status":"publish","type":"page","link":"https:\/\/domzdravljabanjaluka.com\/simpozijum\/program-stomatologija\/","title":{"rendered":"Program za stomatologe"},"content":{"rendered":"\t\t<div data-elementor-type=\"wp-page\" data-elementor-id=\"599\" class=\"elementor elementor-599\">\n\t\t\t\t\t\t\t<div class=\"elementor-element elementor-element-7ffe8e6 e-con-full e-flex wpr-particle-no wpr-jarallax-no wpr-parallax-no wpr-sticky-section-no e-con e-parent\" data-id=\"7ffe8e6\" data-element_type=\"container\" data-settings=\"{&quot;content_width&quot;:&quot;full&quot;,&quot;background_background&quot;:&quot;classic&quot;}\" data-core-v316-plus=\"true\">\n\t\t<div class=\"elementor-element elementor-element-f24c2e8 e-flex e-con-boxed wpr-particle-no wpr-jarallax-no wpr-parallax-no wpr-sticky-section-no e-con e-child\" data-id=\"f24c2e8\" data-element_type=\"container\" data-settings=\"{&quot;content_width&quot;:&quot;boxed&quot;}\">\n\t\t\t\t\t<div class=\"e-con-inner\">\n\t\t\t\t<div class=\"elementor-element elementor-element-9e440c3 elementor-widget elementor-widget-text-editor\" data-id=\"9e440c3\" data-element_type=\"widget\" data-widget_type=\"text-editor.default\">\n\t\t\t\t<div class=\"elementor-widget-container\">\n\t\t\t<style>\/*! elementor - v3.16.0 - 17-10-2023 *\/\n.elementor-widget-text-editor.elementor-drop-cap-view-stacked .elementor-drop-cap{background-color:#69727d;color:#fff}.elementor-widget-text-editor.elementor-drop-cap-view-framed .elementor-drop-cap{color:#69727d;border:3px solid;background-color:transparent}.elementor-widget-text-editor:not(.elementor-drop-cap-view-default) .elementor-drop-cap{margin-top:8px}.elementor-widget-text-editor:not(.elementor-drop-cap-view-default) .elementor-drop-cap-letter{width:1em;height:1em}.elementor-widget-text-editor .elementor-drop-cap{float:left;text-align:center;line-height:1;font-size:50px}.elementor-widget-text-editor .elementor-drop-cap-letter{display:inline-block}<\/style>\t\t\t\t<h3><strong>Preliminarni program Tre\u0107eg simpozijuma JZU \u201eDoma zdravlja\u201c u Banjoj Luci sa me\u0111unarodnim u\u010de\u0161\u0107em \u2013 \u201cPrevencija je temelj zdravlja\u201d<\/strong><\/h3><p><strong>\u00a0<\/strong><\/p><p><strong>Prvi dan Simpozijuma \u2013 Stomatologija<\/strong><\/p><p><strong>Datum i vrijeme: Petak, 22.05.2026. godine, 09:00 \u010dasova<\/strong><\/p><p><strong>Mjesto odr\u017eavanja: Kristalna sala hotela \u201eBosna\u201c<\/strong><\/p><p><strong>\u00a0<\/strong><\/p><p>09:00 \u2013 09:45 Registracija u\u010desnika<\/p><p>09:45 \u2013 10:30 Pozdravni govor doma\u0107ina simpozijuma (Koncertna dvorana Banskog dvora)<\/p><p>10:30 \u2013 11:00 &#8211;\u00a0 <strong>dr sci. med. Sa\u0161a Dabi\u0107<\/strong>, ZU Specijalisti\u010dka ambulanta oralne higijene Implatodent dr Sa\u0161a Dabi\u0107\u201d<\/p><p>Tema: <em>\u201cImedijantna implantacija sa imedijantnim optere\u0107enjem kod parcijalne i potpune bezubosti\u201d<\/em><\/p><p>11:00 \u2013 11:30 \u2013 <strong>prof. dr Nenad Nedeljkovi\u0107, <\/strong>Klinika za ortopediju vilica, Stomatolo\u0161ki fakultet Univerziteta u Beogradu<\/p><p>Tema: Terapijksi efekti ekspanzije maksile kod kasnih adolescenata \u2013 CBCT analiza\u201d<\/p><p>11:30 \u2013 12:00 \u2013 <strong>prof. dr Olivera Doli\u0107, <\/strong>Medicinski fakultet Univerziteta u Banjoj Luci<\/p><p>Tema: <em>\u201cProcjena rizika za nastanak karijesa \u2013 gdje smo danas?\u201d<\/em><\/p><p>12:00 \u2013 12:30 Kafe pauza<\/p><p>12:30 \u2013 13:00 &#8211; <strong>prof. dr Stjepan \u0160palj, <\/strong>Fakultet dentalne medicine, Sveu\u010dili\u0161te u Rijeci<\/p><p>Tema: <em>\u201cMalokluzije klase III \u2013 rano ili kasno tretirati\u201d<\/em><\/p><p>13:00 \u2013 13:30 &#8211; <strong>prof. dr Nikola Stojanovi\u0107 i doc. dr Aleksandra \u017du\u017ea, <\/strong>Medicinski fakultet Univerziteta u Isto\u010dnom Sarajevu<\/p><p>Teme: <em>\u201cOd dileme do prognoze: endodoncija izme\u0111u neizvjesnosti i uspjeha\u201d<\/em><\/p><p><em>\u201cDileme koje oblikuju ishod terapije \u2013 gdje sumnjamo sa razlogom\u201d<\/em><\/p><p>13:30 \u2013 14:00 &#8211; <strong>prof. dr Tamara Peri\u0107, <\/strong>Stomatolo\u0161ki fakultet Univerziteta u Beogradu<\/p><p>Tema: \u201c<em>Povezanost rizi\u010dnog pona\u0161anja adolescenata i oralnog zdravlja: izazovi i mogu\u0107nosti prevencije\u201d<\/em><\/p><p>14:00 \u2013 15:00 Pauza za ru\u010dak (hotel \u201eBosna\u201c)<\/p><p>15:00 \u2013 15:30 &#8211; <strong>prof. dr Aneta Mijoska, <\/strong>Stomatolo\u0161ki fakultet, Skoplje, Univerzitetski Stomatolo\u0161ki Klini\u010dki Centar \u201cSveti Pantelejmon\u201d, Skoplje<\/p><p>Tema: <em>\u201cEfektivni pristup i strategije za ubla\u017eavanje bolova kod TMD\u201d<\/em><\/p><p>15:30 \u2013 16:00 <strong>prof. dr Verica Pavli\u0107, <\/strong>JZU \u201cZavod za stomatologiju Republike Srpske\u201d<\/p><p>Tema: <em>\u201cPrevencija oralnih karcinoma\u201d<\/em><\/p><p>16:00 \u2013 16:30 <strong>prof. dr Marija Obradovi\u0107, <\/strong>Medicinski fakultet Univerziteta u Banjoj Luci<\/p><p>Tema: <em>\u201cOblikovanje djetetovog pona\u0161anja za uspje\u0161an stomatolo\u0161ki tretman \u2013 svakodnevni izazovi\u201d<\/em><\/p><p>16:30 \u2013 17:00 Diskusija i najava drugog dana Simpozijuma<\/p><p>20:00 Sve\u010dana ve\u010dera (hotel \u201eBosna\u201c)<\/p><p>\u00a0<\/p><p><strong>Drugi dan Simpozijuma \u2013 Stomatologija<\/strong><\/p><p><strong>Datum i vrijeme: Subota, 23.05.2026. godine, od 10:00 \u010dasova<\/strong><\/p><p><strong>Mjesto odr\u017eavanja: Kristalna dvorana hotela \u201eBosna\u201c<\/strong><\/p><p>\u00a0<\/p><p>10:00 \u2013 10:30 &#8211; <strong>Ass dr Milena Milanovi\u0107, <\/strong>Stomatolo\u0161ki fakultet Univerziteta u Beogradu, Klinika za dje\u010diju i preventivnu stomatologiju<\/p><p>Tema: <em>\u201cMolarno \u2013 incizivna hipomineralizacija: pregled preventivnih i profilakti\u010dkih mera\u201d<\/em><\/p><p>10:30 \u2013 11:00 <strong>prof. dr Predrag Jano\u0161evi\u0107,<\/strong> Medicinski fakultet u Ni\u0161u,<\/p><p>Tema: <em>\u201cVertikalna dimenzija okluzije \u2013 klju\u010d uspe\u0161ne ortodontske terapije\u201d<\/em><\/p><p>11:00 \u2013 11:30 <strong>prof. dr Snje\u017eana \u010coli\u0107,<\/strong> Stomatolo\u0161ki fakultet Beograd<\/p><p>Tema: <em>\u201cProfilakti\u010dko va\u0111enje impaktiranih umnjaka\u201d<\/em><\/p><p>11:30 \u2013 12:00 <strong>dr \u0110ur\u0111ina Koji\u0107 i dr Jovan Bukorovi\u0107,<\/strong> Klinika za stomatolo\u0161ku protetiku; Stomatolo\u0161ki fakultet Univerziteta u Beogradu, Republika Srbija<\/p><p>Tema: <em>\u201cIzbor abatmenata u implant \u2013 protetici\u201d<\/em><\/p><p>12:00 \u2013 12:30 Kafe pauza<\/p><p>12:30 \u2013 13:00 <strong>dr Miodrag Popov,<\/strong> Specijalisti\u010dka stomatolo\u0161ka ordinacija \u201cDr Popov\u201d<\/p><p>Tema: <em>\u201cPalatinalni mini implantanti u ortodontskoj terapiji\u201d<\/em><\/p><p>13:00 \u2013 13:30 \u2013 <strong>Doc. dr Jovana Lovri\u0107,<\/strong> JZU \u201cZavod za stomatologiju Republike Srpske\u201d,<\/p><p>Tema: <em>\u201cDiabetes mellitus tip 1 i oralno zdravlja djece: uloga probiotika u multidisciplinarnoj preventivnoj strategiji\u201d<\/em><\/p><p>13:30 \u2013 14:00 <strong>doc. dr sci. med. Jana Ili\u0107, <\/strong>JZU \u201cDom zdravlja\u201d Banja Luka<\/p><p>Tema: <em>\u201cPrevencija ortodontskih nepravilnosti u eri digitalne dijagnostike: zna\u010daj interdisciplinarnog pristupa\u201d<\/em><\/p><p>14:00 \u2013 14:30 Diskusija, zavr\u0161na rije\u010d i dodjela sertifikata<\/p>\t\t\t\t\t\t<\/div>\n\t\t\t\t<\/div>\n\t\t\t\t\t<\/div>\n\t\t\t\t<\/div>\n\t\t\t\t<\/div>\n\t\t\t\t\t\t\t<\/div>\n\t\t","protected":false},"excerpt":{"rendered":"<p>Preliminarni program Tre\u0107eg simpozijuma JZU \u201eDoma zdravlja\u201c u Banjoj Luci sa me\u0111unarodnim u\u010de\u0161\u0107em \u2013 \u201cPrevencija je temelj zdravlja\u201d \u00a0 Prvi dan Simpozijuma \u2013 Stomatologija Datum i vrijeme: Petak, 22.05.2026. godine, 09:00 \u010dasova Mjesto odr\u017eavanja: Kristalna sala hotela \u201eBosna\u201c \u00a0 09:00 \u2013 09:45 Registracija u\u010desnika 09:45 \u2013 10:30 Pozdravni govor doma\u0107ina simpozijuma (Koncertna dvorana Banskog dvora) [&hellip;]<\/p>\n","protected":false},"author":1,"featured_media":0,"parent":0,"menu_order":0,"comment_status":"closed","ping_status":"closed","template":"elementor_header_footer","meta":{"footnotes":""},"class_list":["post-599","page","type-page","status-publish","hentry"],"_links":{"self":[{"href":"https:\/\/domzdravljabanjaluka.com\/simpozijum\/wp-json\/wp\/v2\/pages\/599","targetHints":{"allow":["GET"]}}],"collection":[{"href":"https:\/\/domzdravljabanjaluka.com\/simpozijum\/wp-json\/wp\/v2\/pages"}],"about":[{"href":"https:\/\/domzdravljabanjaluka.com\/simpozijum\/wp-json\/wp\/v2\/types\/page"}],"author":[{"embeddable":true,"href":"https:\/\/domzdravljabanjaluka.com\/simpozijum\/wp-json\/wp\/v2\/users\/1"}],"replies":[{"embeddable":true,"href":"https:\/\/domzdravljabanjaluka.com\/simpozijum\/wp-json\/wp\/v2\/comments?post=599"}],"version-history":[{"count":41,"href":"https:\/\/domzdravljabanjaluka.com\/simpozijum\/wp-json\/wp\/v2\/pages\/599\/revisions"}],"predecessor-version":[{"id":1180,"href":"https:\/\/domzdravljabanjaluka.com\/simpozijum\/wp-json\/wp\/v2\/pages\/599\/revisions\/1180"}],"wp:attachment":[{"href":"https:\/\/domzdravljabanjaluka.com\/simpozijum\/wp-json\/wp\/v2\/media?parent=599"}],"curies":[{"name":"wp","href":"https:\/\/api.w.org\/{rel}","templated":true}]}}