{"id":584,"date":"2024-02-29T12:29:12","date_gmt":"2024-02-29T12:29:12","guid":{"rendered":"https:\/\/domzdravljabanjaluka.com\/simpozijum\/?page_id=584"},"modified":"2026-03-31T08:24:11","modified_gmt":"2026-03-31T08:24:11","slug":"program-sestrinstvo","status":"publish","type":"page","link":"https:\/\/domzdravljabanjaluka.com\/simpozijum\/program-sestrinstvo\/","title":{"rendered":"Program za sestrinstvo"},"content":{"rendered":"\t\t<div data-elementor-type=\"wp-page\" data-elementor-id=\"584\" class=\"elementor elementor-584\">\n\t\t\t\t\t\t\t<div class=\"elementor-element elementor-element-96eeae4 e-con-full e-flex wpr-particle-no wpr-jarallax-no wpr-parallax-no wpr-sticky-section-no e-con e-parent\" data-id=\"96eeae4\" data-element_type=\"container\" data-settings=\"{&quot;content_width&quot;:&quot;full&quot;,&quot;background_background&quot;:&quot;classic&quot;}\" data-core-v316-plus=\"true\">\n\t\t<div class=\"elementor-element elementor-element-6369073 e-flex e-con-boxed wpr-particle-no wpr-jarallax-no wpr-parallax-no wpr-sticky-section-no e-con e-child\" data-id=\"6369073\" data-element_type=\"container\" data-settings=\"{&quot;content_width&quot;:&quot;boxed&quot;}\">\n\t\t\t\t\t<div class=\"e-con-inner\">\n\t\t\t\t<div class=\"elementor-element elementor-element-8b87e51 elementor-widget elementor-widget-text-editor\" data-id=\"8b87e51\" data-element_type=\"widget\" data-widget_type=\"text-editor.default\">\n\t\t\t\t<div class=\"elementor-widget-container\">\n\t\t\t<style>\/*! elementor - v3.16.0 - 17-10-2023 *\/\n.elementor-widget-text-editor.elementor-drop-cap-view-stacked .elementor-drop-cap{background-color:#69727d;color:#fff}.elementor-widget-text-editor.elementor-drop-cap-view-framed .elementor-drop-cap{color:#69727d;border:3px solid;background-color:transparent}.elementor-widget-text-editor:not(.elementor-drop-cap-view-default) .elementor-drop-cap{margin-top:8px}.elementor-widget-text-editor:not(.elementor-drop-cap-view-default) .elementor-drop-cap-letter{width:1em;height:1em}.elementor-widget-text-editor .elementor-drop-cap{float:left;text-align:center;line-height:1;font-size:50px}.elementor-widget-text-editor .elementor-drop-cap-letter{display:inline-block}<\/style>\t\t\t\t<h3><strong>Preliminarni program Tre\u0107eg simpozijuma JZU \u201eDom zdravlja\u201c u Banjoj Luci sa me\u0111unarodnim u\u010de\u0161\u0107em \u2013 \u201cPrevencija je temelj zdravlja\u201d<\/strong><\/h3><p><strong>\u00a0<\/strong><\/p><p><strong>Simpozijum \u2013 za medicinske sestre\/tehni\u010dare<\/strong><\/p><p><strong>Datum i vrijeme: Petak, 22.05.2026. godine, 09:00 \u010dasova<\/strong><\/p><p><strong>Mjesto odr\u017eavanja: Kulturni centar Banski dvor \u2013 Vije\u0107nica<\/strong><\/p><p>\u00a0<\/p><p>09:00 \u2013 09:45 Registracija u\u010desnika<\/p><p>09:45 \u2013 10:30 Pozdravni govor zvani\u010dnika i doma\u0107ina simpozijuma (Koncertna dvorana Banskog dvora)<\/p><p>10:40 \u2013 <strong>Darja Tadi\u0107<\/strong>, JZU \u201cDom zdravlja\u201d Doboj<\/p><p><em>Tema: \u201cRana detekcija hroni\u010dnih nezaraznih bolesti:uloga medicinske sestre u skriningu i savjetovanju\u201d<\/em><\/p><p>11:00 \u2013 <strong>Nino Hasanica<\/strong>, Institutt za zdravlje i sigurnost hrane Zenica<\/p><p><em>Tema: \u201cRana prevencija gojaznosti kod djece: uloga medicinske sestre u skriningu i savjetovanju roditelja\u201d<\/em><\/p><p>11:20 \u2013 <strong>Lucija Kne\u017eevi\u0107<\/strong>, Hrvatski zavod za javno zdravstvo<\/p><p><em>Tema: \u201c<\/em><em>Uloga savjetovali\u0161ta za mentalno zdravlje u ranoj psiholo\u0161koj podr\u0161ci i upu\u0107ivanju korisnika<\/em><em>\u201d<\/em><\/p><p>11:40 \u2013 <strong>Vesna Manojlovi\u0107<\/strong>, JZU \u201cDom zdravlja\u201d Gradi\u0161ka<\/p><p><em>Tema: <\/em><em>\u201eOrganizacija rada medicinskih sestara u funkciji unapre\u0111enja preventivne zdravstvene za\u0161tite\u201c<\/em><\/p><p>12:00 \u2013 <strong>Njegoslava Kaurin<\/strong>, Bolnica Krankenhaus Barmherzige Bruder Regensburg, Savezna Republika Njema\u010dka<\/p><p><em>Tema: \u201cUloga discharge managementa u Njema\u010dkoj u ja\u010danju primarne zdravstvene za\u0161tite: model dobre prakse\u201d<\/em><\/p><p>12:20 \u2013 12:45 Kafe pauza (I sprat Banskog dvora)<\/p><p>12:45 \u2013 <strong>Panel diskusija<\/strong><\/p><p><em>Tema: \u201c Medicinska sestra u budu\u0107nosti \u2013 izazovi, ograni\u010denja i mogu\u0107nosti u prevenciji\u201d<\/em><\/p><p><strong>Moderator: Sanja Gidumovi\u0107<\/strong><\/p><p>Panelisti (predstavnici institucija): Ministarstvo zdravlja i socijalne za\u0161tite Republike Srpske, Institut za javno zdravstvo Republike Srpske, Univerzitetski klini\u010dki centar Republike Srpske, JZU \u201cDom zdravlja\u201d Banja Luka , JZU Dom zdravlja \u201cSveti Pantelejmon\u201d Kotor Varo\u0161, JU Medicinska \u0161kola Banja Luka<\/p><p>14:00 \u2013 15:00 Ru\u010dak (Hotel Bosna)<\/p><p>15:00 \u2013 <strong>Ivana Andiev<\/strong>, <strong>\u201cHISPA\u201d<\/strong>, Srbija<\/p><p><em>Tema: \u201cUloga medicinskih sestara HISPA u prevenciji i kontinuiranom profesionalnom razvoju\u201c<\/em><\/p><p>15:20 \u2013 <strong>Silva Gambiro\u017ea<\/strong>, Univerzitetski klini\u010dki centar Republike Srpske<\/p><p><em>Tema: \u201cUloga medicinske sestre u palijativnoj njezi: holisti\u010dki pristup pacijentu i porodici\u201d<\/em><\/p><p>15:40 \u2013 <strong>Samira Sejdinovi\u0107<\/strong>, JZU \u201cDom zdravlja\u201d Tuzla<\/p><p><em>Tema: \u201cSavremena patrona\u017ena praksa: podr\u0161ka majci i novoro\u0111en\u010detu u postpartalnom periodu\u201d<\/em><\/p><p>16:00 \u2013 <strong>Gordana Vu\u010di\u0107<\/strong>, JZU \u201cDom zdravlja\u201d Banja Luka<\/p><p><em>Tema: \u201cUloga medicinske sestre u detekciji i ranoj intervenciji razvojnih poreme\u0107aja<\/em>\u201d<\/p><p>16:20 \u2013 <strong>Branka Marjanac<\/strong>, JZU \u201cDom zdravlja\u201d Banja Luka<\/p><p><em>Tema: \u201cSavremene preporuke za vakcinaciju: edukacija, motivacija i pra\u0107enje vakcinalnog statusa\u201d<\/em><\/p><p>17:00 &#8211; Diskusija, zavr\u0161na rije\u010d i dodjela sertifikata<\/p><p>20:00 \u2013 Sve\u010dana ve\u010dera<\/p>\t\t\t\t\t\t<\/div>\n\t\t\t\t<\/div>\n\t\t\t\t\t<\/div>\n\t\t\t\t<\/div>\n\t\t\t\t<\/div>\n\t\t\t\t\t\t\t<\/div>\n\t\t","protected":false},"excerpt":{"rendered":"<p>Preliminarni program Tre\u0107eg simpozijuma JZU \u201eDom zdravlja\u201c u Banjoj Luci sa me\u0111unarodnim u\u010de\u0161\u0107em \u2013 \u201cPrevencija je temelj zdravlja\u201d \u00a0 Simpozijum \u2013 za medicinske sestre\/tehni\u010dare Datum i vrijeme: Petak, 22.05.2026. godine, 09:00 \u010dasova Mjesto odr\u017eavanja: Kulturni centar Banski dvor \u2013 Vije\u0107nica \u00a0 09:00 \u2013 09:45 Registracija u\u010desnika 09:45 \u2013 10:30 Pozdravni govor zvani\u010dnika i doma\u0107ina simpozijuma [&hellip;]<\/p>\n","protected":false},"author":1,"featured_media":0,"parent":0,"menu_order":0,"comment_status":"closed","ping_status":"closed","template":"elementor_header_footer","meta":{"footnotes":""},"class_list":["post-584","page","type-page","status-publish","hentry"],"_links":{"self":[{"href":"https:\/\/domzdravljabanjaluka.com\/simpozijum\/wp-json\/wp\/v2\/pages\/584","targetHints":{"allow":["GET"]}}],"collection":[{"href":"https:\/\/domzdravljabanjaluka.com\/simpozijum\/wp-json\/wp\/v2\/pages"}],"about":[{"href":"https:\/\/domzdravljabanjaluka.com\/simpozijum\/wp-json\/wp\/v2\/types\/page"}],"author":[{"embeddable":true,"href":"https:\/\/domzdravljabanjaluka.com\/simpozijum\/wp-json\/wp\/v2\/users\/1"}],"replies":[{"embeddable":true,"href":"https:\/\/domzdravljabanjaluka.com\/simpozijum\/wp-json\/wp\/v2\/comments?post=584"}],"version-history":[{"count":50,"href":"https:\/\/domzdravljabanjaluka.com\/simpozijum\/wp-json\/wp\/v2\/pages\/584\/revisions"}],"predecessor-version":[{"id":1159,"href":"https:\/\/domzdravljabanjaluka.com\/simpozijum\/wp-json\/wp\/v2\/pages\/584\/revisions\/1159"}],"wp:attachment":[{"href":"https:\/\/domzdravljabanjaluka.com\/simpozijum\/wp-json\/wp\/v2\/media?parent=584"}],"curies":[{"name":"wp","href":"https:\/\/api.w.org\/{rel}","templated":true}]}}