{"id":578,"date":"2024-02-29T12:26:16","date_gmt":"2024-02-29T12:26:16","guid":{"rendered":"https:\/\/domzdravljabanjaluka.com\/simpozijum\/?page_id=578"},"modified":"2026-04-30T11:04:31","modified_gmt":"2026-04-30T11:04:31","slug":"preliminarni-program","status":"publish","type":"page","link":"https:\/\/domzdravljabanjaluka.com\/simpozijum\/preliminarni-program\/","title":{"rendered":"Program za doktore medicine"},"content":{"rendered":"\t\t<div data-elementor-type=\"wp-page\" data-elementor-id=\"578\" class=\"elementor elementor-578\">\n\t\t\t\t\t\t\t<div class=\"elementor-element elementor-element-2dffafa e-con-full e-flex wpr-particle-no wpr-jarallax-no wpr-parallax-no wpr-sticky-section-no e-con e-parent\" data-id=\"2dffafa\" data-element_type=\"container\" data-settings=\"{&quot;content_width&quot;:&quot;full&quot;,&quot;background_background&quot;:&quot;classic&quot;}\" data-core-v316-plus=\"true\">\n\t\t<div class=\"elementor-element elementor-element-d40fce1 e-flex e-con-boxed wpr-particle-no wpr-jarallax-no wpr-parallax-no wpr-sticky-section-no e-con e-child\" data-id=\"d40fce1\" data-element_type=\"container\" data-settings=\"{&quot;content_width&quot;:&quot;boxed&quot;}\">\n\t\t\t\t\t<div class=\"e-con-inner\">\n\t\t\t\t<div class=\"elementor-element elementor-element-b381412 elementor-widget elementor-widget-text-editor\" data-id=\"b381412\" data-element_type=\"widget\" data-widget_type=\"text-editor.default\">\n\t\t\t\t<div class=\"elementor-widget-container\">\n\t\t\t<style>\/*! elementor - v3.16.0 - 17-10-2023 *\/\n.elementor-widget-text-editor.elementor-drop-cap-view-stacked .elementor-drop-cap{background-color:#69727d;color:#fff}.elementor-widget-text-editor.elementor-drop-cap-view-framed .elementor-drop-cap{color:#69727d;border:3px solid;background-color:transparent}.elementor-widget-text-editor:not(.elementor-drop-cap-view-default) .elementor-drop-cap{margin-top:8px}.elementor-widget-text-editor:not(.elementor-drop-cap-view-default) .elementor-drop-cap-letter{width:1em;height:1em}.elementor-widget-text-editor .elementor-drop-cap{float:left;text-align:center;line-height:1;font-size:50px}.elementor-widget-text-editor .elementor-drop-cap-letter{display:inline-block}<\/style>\t\t\t\t<h3><strong>Preliminarni program Tre\u0107eg simpozijuma JZU \u201eDoma zdravlja\u201c u Banjoj Luci sa me\u0111unarodnim u\u010de\u0161\u0107em \u2013 \u201cPrevencija je temelj zdravlja\u201d<\/strong><\/h3><p><strong>\u00a0<\/strong><\/p><p><strong>Prvi dan Simpozijuma \u2013 za doktore medicine<\/strong><br \/><strong>Datum i vrijeme: Petak, 22.05.2026. godine, od 09:00 \u010dasova<\/strong><br \/><strong>Mjesto odr\u017eavanja: Kulturni centar Banski dvor \u2013 Velika sala<\/strong><\/p><p><br \/>09:00 \u2013 09:45 Registracija u\u010desnika<\/p><p>09:45 \u2013 10:25 Pozdravni govor zvani\u010dnika i doma\u0107ina Simpozijuma<\/p><p>10:25 \u2013 dr Nata\u0161a Kremenovi\u0107, JZU \u201cDom zdravlja\u201d Banja Luka<br \/>Tema: \u201cPreventivni nadzor dojen\u010deta \u2013 temelj budu\u0107eg zdravlja\u201d<\/p><p>10:50 \u2013 dr Biljana Banjac, Univerzitetski klini\u010dki centar Republike Srpske<br \/>Tema: \u201eLeukocitna formula u svakodnevnoj klini\u010dkoj praksi\u201c<\/p><p>11:15 \u2013 doc. dr Predrag Mati\u0107, specijalista vaskularne hirurgije,<br \/>Institut za kardiovaskularne bolesti \u201eDedinje\u201c, Republika Srbija<br \/>Tema:<\/p><p>11:40 \u2013 \u201eSatelitski simpozij kompanije Novo Nordisk\u201c<\/p><p>Tema:<\/p><p>12:10 \u2013 12:40 Kafe pauza<\/p><p>12:40 \u2013 Prim. dr Ranka Kalini\u0107, Centar za majku i dijete, rani rast i razvoj, JZU \u201cDom zdravlja\u201d Banja Luka<br \/>Tema: \u201cPrevencija mentalnih poreme\u0107aja kod djece i mladih\u201d<\/p><p>13:05 \u2013 Prof. dr Brankica Spasojevi\u0107, Medicinski fakultet Univerziteta u Beogradu, Univerzitetska dje\u010dija klinika, Beograd, Republika Srbija<br \/>Tema: \u201eRano prepoznavanje bubre\u017ene bolesti kod djeteta u primarnoj zdravstvenoj<br \/>za\u0161titi\u201c<\/p><p>13:30 \u2013 dr Igor Jeremi\u0107, specijalista ginekologije i aku\u0161erstva, Republika Srbija<br \/>Tema: \u201cNovi klini\u010dki pristup u dijagnostici i le\u010denju HPV infekcije\u201d<\/p><p>13:55 \u2013 Izv. prof. dr sc. Tatjana \u010culina, Specijalist \u0161kolske medicine<br \/>Nastavni zavod za javno zdravstvo PG\u017d, Rijeka, Katedra za obiteljsku medicinu, Medicinski fakultet u Rijeci<br \/>Tema: \u201eKako govoriti da bi nas djeca i mladi slu\u0161ali? Kako slu\u0161ati da bi nam vjerovali?\u201c<br \/>(Komunikacija s djecom i mladima u digitalnom dobu)<\/p><p>14:20 \u2013 Predavanje po pozivu<\/p><p>14:45 \u2013 15:45 Pauza za ru\u010dak (hotel \u201eBosna\u201c)<\/p><p>15:45 \u2013 Prim. dr Mladen \u0160ukalo, Centar za promociju zdravlja i prevenciju bolesti, JZU \u201cDom zdravlja\u201d Banja Luka<br \/>Tema:\u201d PEN protokol\u201d<\/p><p>16:10 \u2013 mr sci. dr med. Zorica Novakovi\u0107, spec. otorinolaringologije, subspec. disekcione hirurgije vrata<br \/>Tema: \u201cAlergijski rinitis-od simptoma do potpune kontrole\u201d<\/p><p>16:35 \u2013 dr Milana Stani\u0107, Univerzitetsko klini\u010dki centar Republike Srpske<br \/>Tema: \u201eRana identifikacija sepse u primarnoj zdravstvenoj za\u0161titi\u201c<\/p><p>17:00 \u2013 dr Jelena Bera, Institut za fizikalnu medicinu, rehabilitaciju i ortopedsku hirurgiju \u201eDr Miroslav Zotovi\u0107\u201c<br \/>Tema: \u201eGlavobolja u dje\u010dijoj dobi\u201c<\/p><p>17:25 \u2013 dr Anel Bumbulovi\u0107, Udru\u017eenje doktora porodi\u010dne \/ obiteljske medicine, predsjednik Podru\u017enice Sarajevo<br \/>Tema: \u201eZna\u010daj i procjena KVR upotrebom SCORE2 i SCORE2-OP tablica u porodi\u010dnoj medicini\u201c<\/p><p>17:50 \u2013 18:00 Najava drugog dana Simpozijuma<\/p><p>20:00 Sve\u010dana ve\u010dera (hotel \u201eBosna\u201c)<\/p><p>\u00a0<\/p><p><br \/><strong>Drugi dan Simpozijuma \u2013 za doktore medicine<\/strong><br \/><strong>Datum i vrijeme: Subota, 23.05.2026. godine, od 09:00 \u010dasova<\/strong><br \/><strong>Mjesto odr\u017eavanja: Kulturni centar Banski dvor \u2013 Velika sala<\/strong><\/p><p><br \/>09:00 \u2013 doc. dr Dalibor Mihajlovi\u0107, Slu\u017eba hitne medicinske pomo\u0107i sa edukativnim centrum, JZU \u201cDom zdravlja\u201d Banja Luka<br \/>Tema: \u201eKardioprotekcija urosodeoksiholne kiseline u akutnom koronarnom sindromu\u201c<\/p><p>09:25 \u2013 doc. dr Boris Doj\u010dinovi\u0107, Slu\u017eba hitne medicinske pomo\u0107i sa edukativnim centrum, JZU \u201cDom zdravlja\u201d Banja Luka<br \/>Tema:<\/p><p>09:50 \u2013 Predavanje po pozivu<\/p><p>10:15 \u2013 dr Milena Kosti\u0107, Dom zdravlja dr \u0110or\u0111e Kova\u010devi\u0107, Lazarevac, Republika Srbija<br \/>Tema: \u201cRadi kao \u0161to govori\u0161\u201d<br \/><br \/>10:40 \u2013 dr Maja Vu\u010dkovi\u0107, Dom zdravlja \u201cdr Milutin Ivkovi\u0107\u201d Palilula, Beograd, Republika Srbija<br \/>Tema: \u201cRadi kao \u0161to govori\u0161\u201d<\/p><p>11:05 \u2013 dr Darinka Puno\u0161evac, Dom zdravlja Kru\u0161evac, Republika Srbija<br \/>Tema: \u201cRadi kao \u0161to govori\u0161\u201d<\/p><p>11:30 \u2013 Prim. mr. sci. med. Miloranka Petrov Kiurski, Republi\u010dki fond zdravstvenog osiguranja, Filijala Zrenjanin, Republika Srbija<br \/>Tema: \u201eSkrining virusnih hepatitisa u primarnoj zdravstvenoj za\u0161titi\u201c<\/p><p>11:55 \u2013 12:25 Kafe pauza<\/p><p>12:25 \u2013 dr Neno Dobrijevi\u0107, spec. interne medicine, supspecijalista kardiologije, Univerzitetski klini\u010dki centar Republike Srpske<br \/>Tema: \u201cPrirodno rje\u0161enje za zdravlje krvnih sudova Liparos \u2013 dodatak prehrani za regulaciju holesterola\u201d<\/p><p>12:50 \u2013 dr Ljiljana \u0106enan, dr. med., spec. obiteljske medicine, SOOM Ljiljana \u0106enan, Ivankovo, Hrvatska<br \/>Tema: \u201eDnevnik dijabetesa\u201c<br \/>13:15 \u2013 dr Iva Petri\u010du\u0161i\u0107, dr med., spec. obiteljske medicine, dr. med., spec. obiteljske medicine, DZ VS\u017d, Vinkovci, Hrvatska<br \/>Tema: \u201eUrban \u2013 Rural Disparities in Hypertension Care Delivery: A Cross-Sectional Study of Family Physicians in Croatia\u201c<br \/>\u201eUrbano-ruralne razlike u pru\u017eanju zdravstvene za\u0161tite kod hipertenzije: studija presjeka me\u0111u ljekarima porodi\u010dne medicine u Hrvatskoj\u201c<\/p><p>13:40 \u2013 dr Dinko Lupi, dr.med., Scientific Educator, Servier Adriatic Zagreb, Hrvatska<br \/>Tema: \u201eTipovi li\u010dnosti hroni\u010dnih bolesnika \u2013 kako prepoznati tip pacijenta i prilagoditi komunikaciju radi postizanja saradnje\u201c<\/p><p>14:05 \u2013 14:45 Pauza<\/p><p>14:45 \u2013 dr Anastasija Stokanovi\u0107, Slu\u017eba porodi\u010dne medicine sa edukativnim centrum JZU \u201cDom zdravlja\u201d Banja Luka<br \/>Tema: \u201cIncidencija aneurizmatske bolesti abdominalne aorte unutar populacije gra\u0111ana Banje Luke starosne dobi iznad 55 godina\u201d<\/p><p>15:10 \u2013 Prof. dr Zdenka Gojkovi\u0107, Univerzitetski klini\u010dki centar Republike Srpske<br \/>Tema: \u201ePrevencija ne\u017eeljenih doga\u0111aja tokom tretmana inovativnim terapijama onkolo\u0161kih pacijenata\u201c<\/p><p>15:35 \u2013 Prim. dr Vesna Blagojevi\u0107, Centar za radiolo\u0161ku i ultrazvu\u010dnu dijagnostiku, JZU \u201cDom zdravlja\u201d Banja Luka<br \/>Tema: \u201cMamografski novootkriveni karcinom dojke u Centru radiolo\u0161ke i ultrazvu\u010dne dijagnostike u 2025. godini\u201d<\/p><p>16:00 \u2013 Diskusija, zavr\u0161na rije\u010d i dodjela sertifikata<\/p><p>\u00a0<\/p>\t\t\t\t\t\t<\/div>\n\t\t\t\t<\/div>\n\t\t\t\t\t<\/div>\n\t\t\t\t<\/div>\n\t\t\t\t<\/div>\n\t\t\t\t\t\t\t<\/div>\n\t\t","protected":false},"excerpt":{"rendered":"<p>Preliminarni program Tre\u0107eg simpozijuma JZU \u201eDoma zdravlja\u201c u Banjoj Luci sa me\u0111unarodnim u\u010de\u0161\u0107em \u2013 \u201cPrevencija je temelj zdravlja\u201d \u00a0 Prvi dan Simpozijuma \u2013 za doktore medicineDatum i vrijeme: Petak, 22.05.2026. godine, od 09:00 \u010dasovaMjesto odr\u017eavanja: Kulturni centar Banski dvor \u2013 Velika sala 09:00 \u2013 09:45 Registracija u\u010desnika 09:45 \u2013 10:25 Pozdravni govor zvani\u010dnika i doma\u0107ina [&hellip;]<\/p>\n","protected":false},"author":1,"featured_media":0,"parent":0,"menu_order":0,"comment_status":"closed","ping_status":"closed","template":"elementor_header_footer","meta":{"footnotes":""},"class_list":["post-578","page","type-page","status-publish","hentry"],"_links":{"self":[{"href":"https:\/\/domzdravljabanjaluka.com\/simpozijum\/wp-json\/wp\/v2\/pages\/578","targetHints":{"allow":["GET"]}}],"collection":[{"href":"https:\/\/domzdravljabanjaluka.com\/simpozijum\/wp-json\/wp\/v2\/pages"}],"about":[{"href":"https:\/\/domzdravljabanjaluka.com\/simpozijum\/wp-json\/wp\/v2\/types\/page"}],"author":[{"embeddable":true,"href":"https:\/\/domzdravljabanjaluka.com\/simpozijum\/wp-json\/wp\/v2\/users\/1"}],"replies":[{"embeddable":true,"href":"https:\/\/domzdravljabanjaluka.com\/simpozijum\/wp-json\/wp\/v2\/comments?post=578"}],"version-history":[{"count":113,"href":"https:\/\/domzdravljabanjaluka.com\/simpozijum\/wp-json\/wp\/v2\/pages\/578\/revisions"}],"predecessor-version":[{"id":1187,"href":"https:\/\/domzdravljabanjaluka.com\/simpozijum\/wp-json\/wp\/v2\/pages\/578\/revisions\/1187"}],"wp:attachment":[{"href":"https:\/\/domzdravljabanjaluka.com\/simpozijum\/wp-json\/wp\/v2\/media?parent=578"}],"curies":[{"name":"wp","href":"https:\/\/api.w.org\/{rel}","templated":true}]}}