{"id":566,"date":"2024-02-29T12:20:09","date_gmt":"2024-02-29T12:20:09","guid":{"rendered":"https:\/\/domzdravljabanjaluka.com\/simpozijum\/?page_id=566"},"modified":"2026-03-24T12:58:33","modified_gmt":"2026-03-24T12:58:33","slug":"sponzorstvo","status":"publish","type":"page","link":"https:\/\/domzdravljabanjaluka.com\/simpozijum\/sponzorstvo\/","title":{"rendered":"Sponzorstvo"},"content":{"rendered":"\t\t<div data-elementor-type=\"wp-page\" data-elementor-id=\"566\" class=\"elementor elementor-566\">\n\t\t\t\t\t\t\t<div class=\"elementor-element elementor-element-4b4943e e-con-full e-flex wpr-particle-no wpr-jarallax-no wpr-parallax-no wpr-sticky-section-no e-con e-parent\" data-id=\"4b4943e\" data-element_type=\"container\" data-settings=\"{&quot;content_width&quot;:&quot;full&quot;,&quot;background_background&quot;:&quot;classic&quot;}\" data-core-v316-plus=\"true\">\n\t\t<div class=\"elementor-element elementor-element-075317c e-flex e-con-boxed wpr-particle-no wpr-jarallax-no wpr-parallax-no wpr-sticky-section-no e-con e-child\" data-id=\"075317c\" data-element_type=\"container\" data-settings=\"{&quot;content_width&quot;:&quot;boxed&quot;}\">\n\t\t\t\t\t<div class=\"e-con-inner\">\n\t\t\t\t<div class=\"elementor-element elementor-element-aaabb01 elementor-widget elementor-widget-heading\" data-id=\"aaabb01\" data-element_type=\"widget\" data-widget_type=\"heading.default\">\n\t\t\t\t<div class=\"elementor-widget-container\">\n\t\t\t<style>\/*! elementor - v3.16.0 - 17-10-2023 *\/\n.elementor-heading-title{padding:0;margin:0;line-height:1}.elementor-widget-heading .elementor-heading-title[class*=elementor-size-]>a{color:inherit;font-size:inherit;line-height:inherit}.elementor-widget-heading .elementor-heading-title.elementor-size-small{font-size:15px}.elementor-widget-heading .elementor-heading-title.elementor-size-medium{font-size:19px}.elementor-widget-heading .elementor-heading-title.elementor-size-large{font-size:29px}.elementor-widget-heading .elementor-heading-title.elementor-size-xl{font-size:39px}.elementor-widget-heading .elementor-heading-title.elementor-size-xxl{font-size:59px}<\/style><h2 class=\"elementor-heading-title elementor-size-default\">Sponzorstvo<\/h2>\t\t<\/div>\n\t\t\t\t<\/div>\n\t\t\t\t<div class=\"elementor-element elementor-element-f2766f6 elementor-widget elementor-widget-text-editor\" data-id=\"f2766f6\" data-element_type=\"widget\" data-widget_type=\"text-editor.default\">\n\t\t\t\t<div class=\"elementor-widget-container\">\n\t\t\t<style>\/*! elementor - v3.16.0 - 17-10-2023 *\/\n.elementor-widget-text-editor.elementor-drop-cap-view-stacked .elementor-drop-cap{background-color:#69727d;color:#fff}.elementor-widget-text-editor.elementor-drop-cap-view-framed .elementor-drop-cap{color:#69727d;border:3px solid;background-color:transparent}.elementor-widget-text-editor:not(.elementor-drop-cap-view-default) .elementor-drop-cap{margin-top:8px}.elementor-widget-text-editor:not(.elementor-drop-cap-view-default) .elementor-drop-cap-letter{width:1em;height:1em}.elementor-widget-text-editor .elementor-drop-cap{float:left;text-align:center;line-height:1;font-size:50px}.elementor-widget-text-editor .elementor-drop-cap-letter{display:inline-block}<\/style>\t\t\t\t<p>Zainteresovane kompanije i institucije mogu se predstaviti na Tre\u0107em simpozijumu JZU \u201eDoma zdravlja\u201c u Banjoj Luci sa me\u0111unarodnim u\u010de\u0161\u0107em \u2013 \u201cPrevencija je temelj zdravlja\u201d putem:<br \/>\u2013 Reklame na zvani\u010dnom veb-sajtu Doma zdravlja,<br \/>\u2013 Reklame na dru\u0161tvenim mre\u017eama Doma zdravlja,<br \/>\u2013 Distribucija promotivnih bro\u0161ura u materijalima Simpozijuma,<br \/>\u2013 Usmene prezentacije,<br \/>\u2013 Promotivnog \u0161tanda u holu Kulturnog centra Banski dvor.<br \/>Zainteresovane institucije, kompanije, organizacije i pojedinci mogu poslati organizatoru upit na e-mail simpozijum@domzdravljabanjaluka.com<\/p>\t\t\t\t\t\t<\/div>\n\t\t\t\t<\/div>\n\t\t\t\t\t<\/div>\n\t\t\t\t<\/div>\n\t\t\t\t<\/div>\n\t\t\t\t\t\t\t<\/div>\n\t\t","protected":false},"excerpt":{"rendered":"<p>Sponzorstvo Zainteresovane kompanije i institucije mogu se predstaviti na Tre\u0107em simpozijumu JZU \u201eDoma zdravlja\u201c u Banjoj Luci sa me\u0111unarodnim u\u010de\u0161\u0107em \u2013 \u201cPrevencija je temelj zdravlja\u201d putem:\u2013 Reklame na zvani\u010dnom veb-sajtu Doma zdravlja,\u2013 Reklame na dru\u0161tvenim mre\u017eama Doma zdravlja,\u2013 Distribucija promotivnih bro\u0161ura u materijalima Simpozijuma,\u2013 Usmene prezentacije,\u2013 Promotivnog \u0161tanda u holu Kulturnog centra Banski dvor.Zainteresovane institucije, [&hellip;]<\/p>\n","protected":false},"author":1,"featured_media":0,"parent":0,"menu_order":0,"comment_status":"closed","ping_status":"closed","template":"elementor_header_footer","meta":{"footnotes":""},"class_list":["post-566","page","type-page","status-publish","hentry"],"_links":{"self":[{"href":"https:\/\/domzdravljabanjaluka.com\/simpozijum\/wp-json\/wp\/v2\/pages\/566","targetHints":{"allow":["GET"]}}],"collection":[{"href":"https:\/\/domzdravljabanjaluka.com\/simpozijum\/wp-json\/wp\/v2\/pages"}],"about":[{"href":"https:\/\/domzdravljabanjaluka.com\/simpozijum\/wp-json\/wp\/v2\/types\/page"}],"author":[{"embeddable":true,"href":"https:\/\/domzdravljabanjaluka.com\/simpozijum\/wp-json\/wp\/v2\/users\/1"}],"replies":[{"embeddable":true,"href":"https:\/\/domzdravljabanjaluka.com\/simpozijum\/wp-json\/wp\/v2\/comments?post=566"}],"version-history":[{"count":10,"href":"https:\/\/domzdravljabanjaluka.com\/simpozijum\/wp-json\/wp\/v2\/pages\/566\/revisions"}],"predecessor-version":[{"id":1130,"href":"https:\/\/domzdravljabanjaluka.com\/simpozijum\/wp-json\/wp\/v2\/pages\/566\/revisions\/1130"}],"wp:attachment":[{"href":"https:\/\/domzdravljabanjaluka.com\/simpozijum\/wp-json\/wp\/v2\/media?parent=566"}],"curies":[{"name":"wp","href":"https:\/\/api.w.org\/{rel}","templated":true}]}}