{"id":551,"date":"2024-02-29T12:02:32","date_gmt":"2024-02-29T12:02:32","guid":{"rendered":"https:\/\/domzdravljabanjaluka.com\/simpozijum\/?page_id=551"},"modified":"2026-03-24T12:49:22","modified_gmt":"2026-03-24T12:49:22","slug":"odbori","status":"publish","type":"page","link":"https:\/\/domzdravljabanjaluka.com\/simpozijum\/odbori\/","title":{"rendered":"Odbori"},"content":{"rendered":"\t\t<div data-elementor-type=\"wp-page\" data-elementor-id=\"551\" class=\"elementor elementor-551\">\n\t\t\t\t\t\t\t<div class=\"elementor-element elementor-element-2fd0abd e-con-full e-flex wpr-particle-no wpr-jarallax-no wpr-parallax-no wpr-sticky-section-no e-con e-parent\" data-id=\"2fd0abd\" data-element_type=\"container\" data-settings=\"{&quot;content_width&quot;:&quot;full&quot;,&quot;background_background&quot;:&quot;classic&quot;}\" data-core-v316-plus=\"true\">\n\t\t<div class=\"elementor-element elementor-element-c504fe0 e-flex e-con-boxed wpr-particle-no wpr-jarallax-no wpr-parallax-no wpr-sticky-section-no e-con e-child\" data-id=\"c504fe0\" data-element_type=\"container\" data-settings=\"{&quot;content_width&quot;:&quot;boxed&quot;}\">\n\t\t\t\t\t<div class=\"e-con-inner\">\n\t\t\t\t<div class=\"elementor-element elementor-element-7dbef96 elementor-widget elementor-widget-heading\" data-id=\"7dbef96\" data-element_type=\"widget\" data-widget_type=\"heading.default\">\n\t\t\t\t<div class=\"elementor-widget-container\">\n\t\t\t<style>\/*! elementor - v3.16.0 - 17-10-2023 *\/\n.elementor-heading-title{padding:0;margin:0;line-height:1}.elementor-widget-heading .elementor-heading-title[class*=elementor-size-]>a{color:inherit;font-size:inherit;line-height:inherit}.elementor-widget-heading .elementor-heading-title.elementor-size-small{font-size:15px}.elementor-widget-heading .elementor-heading-title.elementor-size-medium{font-size:19px}.elementor-widget-heading .elementor-heading-title.elementor-size-large{font-size:29px}.elementor-widget-heading .elementor-heading-title.elementor-size-xl{font-size:39px}.elementor-widget-heading .elementor-heading-title.elementor-size-xxl{font-size:59px}<\/style><h2 class=\"elementor-heading-title elementor-size-default\">Odbori<\/h2>\t\t<\/div>\n\t\t\t\t<\/div>\n\t\t\t\t<div class=\"elementor-element elementor-element-5f50c5f elementor-widget elementor-widget-text-editor\" data-id=\"5f50c5f\" data-element_type=\"widget\" data-widget_type=\"text-editor.default\">\n\t\t\t\t<div class=\"elementor-widget-container\">\n\t\t\t<style>\/*! elementor - v3.16.0 - 17-10-2023 *\/\n.elementor-widget-text-editor.elementor-drop-cap-view-stacked .elementor-drop-cap{background-color:#69727d;color:#fff}.elementor-widget-text-editor.elementor-drop-cap-view-framed .elementor-drop-cap{color:#69727d;border:3px solid;background-color:transparent}.elementor-widget-text-editor:not(.elementor-drop-cap-view-default) .elementor-drop-cap{margin-top:8px}.elementor-widget-text-editor:not(.elementor-drop-cap-view-default) .elementor-drop-cap-letter{width:1em;height:1em}.elementor-widget-text-editor .elementor-drop-cap{float:left;text-align:center;line-height:1;font-size:50px}.elementor-widget-text-editor .elementor-drop-cap-letter{display:inline-block}<\/style>\t\t\t\t<p>Tre\u0107i simpozijum sa me\u0111unarodnim u\u010de\u0161e\u0107em<br \/>\u201ePrevencija je temelj zdravlja\u201c<\/p><p><strong>Mjesto odr\u017eavanja:<\/strong> <br \/>JU \u201eBanski Dvor- Kulturni centar\u201c Banja Luka i Hotel Bosna, Republika Srpska<\/p><p><strong>Datum odr\u017eavanja<\/strong>: <br \/>22-23. maj 2026. godine<\/p><p><strong>Organizator<\/strong>:<br \/>JZU \u201eDom zdravlja\u201c u Banjoj Luci<br \/>u saradnji sa Medicinskim fakultetom Univerziteta u Banjoj Luci<\/p>\t\t\t\t\t\t<\/div>\n\t\t\t\t<\/div>\n\t\t\t\t<div class=\"elementor-element elementor-element-cf10730 elementor-tabs-view-vertical elementor-widget elementor-widget-tabs\" data-id=\"cf10730\" data-element_type=\"widget\" data-widget_type=\"tabs.default\">\n\t\t\t\t<div class=\"elementor-widget-container\">\n\t\t\t<style>\/*! elementor - v3.16.0 - 17-10-2023 *\/\n.elementor-widget-tabs.elementor-tabs-view-vertical .elementor-tabs-wrapper{width:25%;flex-shrink:0}.elementor-widget-tabs.elementor-tabs-view-vertical .elementor-tab-desktop-title.elementor-active{border-right-style:none}.elementor-widget-tabs.elementor-tabs-view-vertical .elementor-tab-desktop-title.elementor-active:after,.elementor-widget-tabs.elementor-tabs-view-vertical .elementor-tab-desktop-title.elementor-active:before{height:999em;width:0;right:0;border-right-style:solid}.elementor-widget-tabs.elementor-tabs-view-vertical .elementor-tab-desktop-title.elementor-active:before{top:0;transform:translateY(-100%)}.elementor-widget-tabs.elementor-tabs-view-vertical .elementor-tab-desktop-title.elementor-active:after{top:100%}.elementor-widget-tabs.elementor-tabs-view-horizontal .elementor-tab-desktop-title{display:table-cell}.elementor-widget-tabs.elementor-tabs-view-horizontal .elementor-tab-desktop-title.elementor-active{border-bottom-style:none}.elementor-widget-tabs.elementor-tabs-view-horizontal .elementor-tab-desktop-title.elementor-active:after,.elementor-widget-tabs.elementor-tabs-view-horizontal .elementor-tab-desktop-title.elementor-active:before{bottom:0;height:0;width:999em;border-bottom-style:solid}.elementor-widget-tabs.elementor-tabs-view-horizontal .elementor-tab-desktop-title.elementor-active:before{right:100%}.elementor-widget-tabs.elementor-tabs-view-horizontal .elementor-tab-desktop-title.elementor-active:after{left:100%}.elementor-widget-tabs .elementor-tab-content,.elementor-widget-tabs .elementor-tab-title,.elementor-widget-tabs .elementor-tab-title:after,.elementor-widget-tabs .elementor-tab-title:before,.elementor-widget-tabs .elementor-tabs-content-wrapper{border:1px #d5d8dc}.elementor-widget-tabs .elementor-tabs{text-align:left}.elementor-widget-tabs .elementor-tabs-wrapper{overflow:hidden}.elementor-widget-tabs .elementor-tab-title{cursor:pointer;outline:var(--focus-outline,none)}.elementor-widget-tabs .elementor-tab-desktop-title{position:relative;padding:20px 25px;font-weight:700;line-height:1;border:solid transparent}.elementor-widget-tabs .elementor-tab-desktop-title.elementor-active{border-color:#d5d8dc}.elementor-widget-tabs .elementor-tab-desktop-title.elementor-active:after,.elementor-widget-tabs .elementor-tab-desktop-title.elementor-active:before{display:block;content:\"\";position:absolute}.elementor-widget-tabs .elementor-tab-desktop-title:focus-visible{border:1px solid #000}.elementor-widget-tabs .elementor-tab-mobile-title{padding:10px;cursor:pointer}.elementor-widget-tabs .elementor-tab-content{padding:20px;display:none}@media (max-width:767px){.elementor-tabs .elementor-tab-content,.elementor-tabs .elementor-tab-title{border-style:solid solid none}.elementor-tabs .elementor-tabs-wrapper{display:none}.elementor-tabs .elementor-tabs-content-wrapper{border-bottom-style:solid}.elementor-tabs .elementor-tab-content{padding:10px}}@media (min-width:768px){.elementor-widget-tabs.elementor-tabs-view-vertical .elementor-tabs{display:flex}.elementor-widget-tabs.elementor-tabs-view-vertical .elementor-tabs-wrapper{flex-direction:column}.elementor-widget-tabs.elementor-tabs-view-vertical .elementor-tabs-content-wrapper{flex-grow:1;border-style:solid solid solid none}.elementor-widget-tabs.elementor-tabs-view-horizontal .elementor-tab-content{border-style:none solid solid}.elementor-widget-tabs.elementor-tabs-alignment-center .elementor-tabs-wrapper,.elementor-widget-tabs.elementor-tabs-alignment-end .elementor-tabs-wrapper,.elementor-widget-tabs.elementor-tabs-alignment-stretch .elementor-tabs-wrapper{display:flex}.elementor-widget-tabs.elementor-tabs-alignment-center .elementor-tabs-wrapper{justify-content:center}.elementor-widget-tabs.elementor-tabs-alignment-end .elementor-tabs-wrapper{justify-content:flex-end}.elementor-widget-tabs.elementor-tabs-alignment-stretch.elementor-tabs-view-horizontal .elementor-tab-title{width:100%}.elementor-widget-tabs.elementor-tabs-alignment-stretch.elementor-tabs-view-vertical .elementor-tab-title{height:100%}.elementor-tabs .elementor-tab-mobile-title{display:none}}<\/style>\t\t<div class=\"elementor-tabs\">\n\t\t\t<div class=\"elementor-tabs-wrapper\" role=\"tablist\" >\n\t\t\t\t\t\t\t\t\t<div id=\"elementor-tab-title-2171\" class=\"elementor-tab-title elementor-tab-desktop-title\" aria-selected=\"true\" data-tab=\"1\" role=\"tab\" tabindex=\"0\" aria-controls=\"elementor-tab-content-2171\" aria-expanded=\"false\">Organizacioni odbor<\/div>\n\t\t\t\t\t\t\t\t\t<div id=\"elementor-tab-title-2172\" class=\"elementor-tab-title elementor-tab-desktop-title\" aria-selected=\"false\" data-tab=\"2\" role=\"tab\" tabindex=\"-1\" aria-controls=\"elementor-tab-content-2172\" aria-expanded=\"false\">Nau\u010dni odbor<\/div>\n\t\t\t\t\t\t\t\t\t<div id=\"elementor-tab-title-2173\" class=\"elementor-tab-title elementor-tab-desktop-title\" aria-selected=\"false\" data-tab=\"3\" role=\"tab\" tabindex=\"-1\" aria-controls=\"elementor-tab-content-2173\" aria-expanded=\"false\">Po\u010dasni odbor<\/div>\n\t\t\t\t\t\t\t\t\t<div id=\"elementor-tab-title-2174\" class=\"elementor-tab-title elementor-tab-desktop-title\" aria-selected=\"false\" data-tab=\"4\" role=\"tab\" tabindex=\"-1\" aria-controls=\"elementor-tab-content-2174\" aria-expanded=\"false\">Tehni\u010dki sekretari<\/div>\n\t\t\t\t\t\t\t<\/div>\n\t\t\t<div class=\"elementor-tabs-content-wrapper\" role=\"tablist\" aria-orientation=\"vertical\">\n\t\t\t\t\t\t\t\t\t<div class=\"elementor-tab-title elementor-tab-mobile-title\" aria-selected=\"true\" data-tab=\"1\" role=\"tab\" tabindex=\"0\" aria-controls=\"elementor-tab-content-2171\" aria-expanded=\"false\">Organizacioni odbor<\/div>\n\t\t\t\t\t<div id=\"elementor-tab-content-2171\" class=\"elementor-tab-content elementor-clearfix\" data-tab=\"1\" role=\"tabpanel\" aria-labelledby=\"elementor-tab-title-2171\" tabindex=\"0\" hidden=\"false\"><ol><li>Prof. dr sci. med. Nevena Todorovi\u0107<\/li><li>Prim. dr Vedrana Antoni\u0107 \u2013 Kovljenovi\u0107<\/li><li>Dr Mirela Kasaba\u0161i\u0107<\/li><li>Prof. dr sci. med. Nata\u0161a Pilipovi\u0107 &#8211; Bro\u0107eta<\/li><li>Dr Anastasija Stokanovi\u0107<\/li><li>Prim. dr Mladen \u0160ukalo<\/li><li>Prof. dr Verica Petrovi\u0107<\/li><li>Dr spec. stom. \u017deljka Tro\u0161elj Horvat<\/li><li>Dr spec. stom Sanja Kova\u010devi\u0107<\/li><li>Dr stom. Milan Te\u0161i\u0107 <\/li><li>Mr sci. dr \u017deljka Kizi\u0107<\/li><li>Prim. dr Vesna Blagojevi\u0107<\/li><li>Prim. dr Ranka Kalini\u0107<\/li><li>Dr Nata\u0161a Kremenovi\u0107<\/li><li>Dr sci. Dalibor Mihajlovi\u0107 <\/li><li>Sanja Gidumovi\u0107, dipl. medicinar zdravstvene njege<\/li><\/ol><\/div>\n\t\t\t\t\t\t\t\t\t<div class=\"elementor-tab-title elementor-tab-mobile-title\" aria-selected=\"false\" data-tab=\"2\" role=\"tab\" tabindex=\"-1\" aria-controls=\"elementor-tab-content-2172\" aria-expanded=\"false\">Nau\u010dni odbor<\/div>\n\t\t\t\t\t<div id=\"elementor-tab-content-2172\" class=\"elementor-tab-content elementor-clearfix\" data-tab=\"2\" role=\"tabpanel\" aria-labelledby=\"elementor-tab-title-2172\" tabindex=\"0\" hidden=\"hidden\"><ol><li>Akademik prof. dr Ranko \u0160krbi\u0107<\/li><li>Prof. dr sci. med. Nevena Todorovi\u0107<\/li><li>\u0410kademik prof. dr Du\u0161ko Vuli\u0107<\/li><li>Prof. dr Ljiljana Tadi\u0107 Latinovi\u0107<\/li><li>Dr sci. med. Jana Ili\u0107<\/li><li>Prof. dr Verica Pavli\u0107<\/li><li>Prof. dr Nenad Ilijevski<\/li><li>Dr sci. med. Biljana \u0110uki\u0107<\/li><li>Prof. dr Tamara Kova\u010devi\u0107-Preradovi\u0107<\/li><li>Prof. dr Vesna E\u0107im \u2013 Zlojutro<\/li><li>Prof. dr Mirko Staneti\u0107<\/li><li>Doc. dr Aleksandar Guzijan<\/li><li>Mr sci. Neno Dobrijevi\u0107<\/li><\/ol><\/div>\n\t\t\t\t\t\t\t\t\t<div class=\"elementor-tab-title elementor-tab-mobile-title\" aria-selected=\"false\" data-tab=\"3\" role=\"tab\" tabindex=\"-1\" aria-controls=\"elementor-tab-content-2173\" aria-expanded=\"false\">Po\u010dasni odbor<\/div>\n\t\t\t\t\t<div id=\"elementor-tab-content-2173\" class=\"elementor-tab-content elementor-clearfix\" data-tab=\"3\" role=\"tabpanel\" aria-labelledby=\"elementor-tab-title-2173\" tabindex=\"0\" hidden=\"hidden\"><\/div>\n\t\t\t\t\t\t\t\t\t<div class=\"elementor-tab-title elementor-tab-mobile-title\" aria-selected=\"false\" data-tab=\"4\" role=\"tab\" tabindex=\"-1\" aria-controls=\"elementor-tab-content-2174\" aria-expanded=\"false\">Tehni\u010dki sekretari<\/div>\n\t\t\t\t\t<div id=\"elementor-tab-content-2174\" class=\"elementor-tab-content elementor-clearfix\" data-tab=\"4\" role=\"tabpanel\" aria-labelledby=\"elementor-tab-title-2174\" tabindex=\"0\" hidden=\"hidden\"><ol><li>Jelena Ma\u010dinkovi\u0107<\/li><li>Bojan Vuji\u010di\u0107<\/li><\/ol><\/div>\n\t\t\t\t\t\t\t<\/div>\n\t\t<\/div>\n\t\t\t\t<\/div>\n\t\t\t\t<\/div>\n\t\t\t\t\t<\/div>\n\t\t\t\t<\/div>\n\t\t\t\t<\/div>\n\t\t\t\t\t\t\t<\/div>\n\t\t","protected":false},"excerpt":{"rendered":"<p>Odbori Tre\u0107i simpozijum sa me\u0111unarodnim u\u010de\u0161e\u0107em\u201ePrevencija je temelj zdravlja\u201c Mjesto odr\u017eavanja: JU \u201eBanski Dvor- Kulturni centar\u201c Banja Luka i Hotel Bosna, Republika Srpska Datum odr\u017eavanja: 22-23. maj 2026. godine Organizator:JZU \u201eDom zdravlja\u201c u Banjoj Luciu saradnji sa Medicinskim fakultetom Univerziteta u Banjoj Luci Organizacioni odbor Nau\u010dni odbor Po\u010dasni odbor Tehni\u010dki sekretari Organizacioni odbor Prof. dr [&hellip;]<\/p>\n","protected":false},"author":1,"featured_media":0,"parent":0,"menu_order":0,"comment_status":"closed","ping_status":"closed","template":"elementor_header_footer","meta":{"footnotes":""},"class_list":["post-551","page","type-page","status-publish","hentry"],"_links":{"self":[{"href":"https:\/\/domzdravljabanjaluka.com\/simpozijum\/wp-json\/wp\/v2\/pages\/551","targetHints":{"allow":["GET"]}}],"collection":[{"href":"https:\/\/domzdravljabanjaluka.com\/simpozijum\/wp-json\/wp\/v2\/pages"}],"about":[{"href":"https:\/\/domzdravljabanjaluka.com\/simpozijum\/wp-json\/wp\/v2\/types\/page"}],"author":[{"embeddable":true,"href":"https:\/\/domzdravljabanjaluka.com\/simpozijum\/wp-json\/wp\/v2\/users\/1"}],"replies":[{"embeddable":true,"href":"https:\/\/domzdravljabanjaluka.com\/simpozijum\/wp-json\/wp\/v2\/comments?post=551"}],"version-history":[{"count":52,"href":"https:\/\/domzdravljabanjaluka.com\/simpozijum\/wp-json\/wp\/v2\/pages\/551\/revisions"}],"predecessor-version":[{"id":1121,"href":"https:\/\/domzdravljabanjaluka.com\/simpozijum\/wp-json\/wp\/v2\/pages\/551\/revisions\/1121"}],"wp:attachment":[{"href":"https:\/\/domzdravljabanjaluka.com\/simpozijum\/wp-json\/wp\/v2\/media?parent=551"}],"curies":[{"name":"wp","href":"https:\/\/api.w.org\/{rel}","templated":true}]}}