{"id":539,"date":"2024-02-29T11:36:23","date_gmt":"2024-02-29T11:36:23","guid":{"rendered":"https:\/\/domzdravljabanjaluka.com\/simpozijum\/?page_id=539"},"modified":"2026-04-02T09:49:46","modified_gmt":"2026-04-02T09:49:46","slug":"aktuelnosti","status":"publish","type":"page","link":"https:\/\/domzdravljabanjaluka.com\/simpozijum\/aktuelnosti\/","title":{"rendered":"Aktuelnosti"},"content":{"rendered":"\t\t<div data-elementor-type=\"wp-page\" data-elementor-id=\"539\" class=\"elementor elementor-539\">\n\t\t\t\t\t\t\t<div class=\"elementor-element elementor-element-0eb4be8 e-con-full e-flex wpr-particle-no wpr-jarallax-no wpr-parallax-no wpr-sticky-section-no e-con e-parent\" data-id=\"0eb4be8\" data-element_type=\"container\" data-settings=\"{&quot;content_width&quot;:&quot;full&quot;,&quot;background_background&quot;:&quot;classic&quot;}\" data-core-v316-plus=\"true\">\n\t\t<div class=\"elementor-element elementor-element-0fe9bf2 e-flex e-con-boxed wpr-particle-no wpr-jarallax-no wpr-parallax-no wpr-sticky-section-no e-con e-child\" data-id=\"0fe9bf2\" data-element_type=\"container\" data-settings=\"{&quot;content_width&quot;:&quot;boxed&quot;}\">\n\t\t\t\t\t<div class=\"e-con-inner\">\n\t\t\t\t<div class=\"elementor-element elementor-element-9ccba7c elementor-widget elementor-widget-heading\" data-id=\"9ccba7c\" data-element_type=\"widget\" data-widget_type=\"heading.default\">\n\t\t\t\t<div class=\"elementor-widget-container\">\n\t\t\t<style>\/*! elementor - v3.16.0 - 17-10-2023 *\/\n.elementor-heading-title{padding:0;margin:0;line-height:1}.elementor-widget-heading .elementor-heading-title[class*=elementor-size-]>a{color:inherit;font-size:inherit;line-height:inherit}.elementor-widget-heading .elementor-heading-title.elementor-size-small{font-size:15px}.elementor-widget-heading .elementor-heading-title.elementor-size-medium{font-size:19px}.elementor-widget-heading .elementor-heading-title.elementor-size-large{font-size:29px}.elementor-widget-heading .elementor-heading-title.elementor-size-xl{font-size:39px}.elementor-widget-heading .elementor-heading-title.elementor-size-xxl{font-size:59px}<\/style><h2 class=\"elementor-heading-title elementor-size-default\">Aktuelnosti<\/h2>\t\t<\/div>\n\t\t\t\t<\/div>\n\t\t\t\t<div class=\"elementor-element elementor-element-7800921 elementor-tabs-alignment-stretch elementor-tabs-view-horizontal elementor-widget elementor-widget-tabs\" data-id=\"7800921\" data-element_type=\"widget\" data-widget_type=\"tabs.default\">\n\t\t\t\t<div class=\"elementor-widget-container\">\n\t\t\t<style>\/*! elementor - v3.16.0 - 17-10-2023 *\/\n.elementor-widget-tabs.elementor-tabs-view-vertical .elementor-tabs-wrapper{width:25%;flex-shrink:0}.elementor-widget-tabs.elementor-tabs-view-vertical .elementor-tab-desktop-title.elementor-active{border-right-style:none}.elementor-widget-tabs.elementor-tabs-view-vertical .elementor-tab-desktop-title.elementor-active:after,.elementor-widget-tabs.elementor-tabs-view-vertical .elementor-tab-desktop-title.elementor-active:before{height:999em;width:0;right:0;border-right-style:solid}.elementor-widget-tabs.elementor-tabs-view-vertical .elementor-tab-desktop-title.elementor-active:before{top:0;transform:translateY(-100%)}.elementor-widget-tabs.elementor-tabs-view-vertical .elementor-tab-desktop-title.elementor-active:after{top:100%}.elementor-widget-tabs.elementor-tabs-view-horizontal .elementor-tab-desktop-title{display:table-cell}.elementor-widget-tabs.elementor-tabs-view-horizontal .elementor-tab-desktop-title.elementor-active{border-bottom-style:none}.elementor-widget-tabs.elementor-tabs-view-horizontal .elementor-tab-desktop-title.elementor-active:after,.elementor-widget-tabs.elementor-tabs-view-horizontal .elementor-tab-desktop-title.elementor-active:before{bottom:0;height:0;width:999em;border-bottom-style:solid}.elementor-widget-tabs.elementor-tabs-view-horizontal .elementor-tab-desktop-title.elementor-active:before{right:100%}.elementor-widget-tabs.elementor-tabs-view-horizontal .elementor-tab-desktop-title.elementor-active:after{left:100%}.elementor-widget-tabs .elementor-tab-content,.elementor-widget-tabs .elementor-tab-title,.elementor-widget-tabs .elementor-tab-title:after,.elementor-widget-tabs .elementor-tab-title:before,.elementor-widget-tabs .elementor-tabs-content-wrapper{border:1px #d5d8dc}.elementor-widget-tabs .elementor-tabs{text-align:left}.elementor-widget-tabs .elementor-tabs-wrapper{overflow:hidden}.elementor-widget-tabs .elementor-tab-title{cursor:pointer;outline:var(--focus-outline,none)}.elementor-widget-tabs .elementor-tab-desktop-title{position:relative;padding:20px 25px;font-weight:700;line-height:1;border:solid transparent}.elementor-widget-tabs .elementor-tab-desktop-title.elementor-active{border-color:#d5d8dc}.elementor-widget-tabs .elementor-tab-desktop-title.elementor-active:after,.elementor-widget-tabs .elementor-tab-desktop-title.elementor-active:before{display:block;content:\"\";position:absolute}.elementor-widget-tabs .elementor-tab-desktop-title:focus-visible{border:1px solid #000}.elementor-widget-tabs .elementor-tab-mobile-title{padding:10px;cursor:pointer}.elementor-widget-tabs .elementor-tab-content{padding:20px;display:none}@media (max-width:767px){.elementor-tabs .elementor-tab-content,.elementor-tabs .elementor-tab-title{border-style:solid solid none}.elementor-tabs .elementor-tabs-wrapper{display:none}.elementor-tabs .elementor-tabs-content-wrapper{border-bottom-style:solid}.elementor-tabs .elementor-tab-content{padding:10px}}@media (min-width:768px){.elementor-widget-tabs.elementor-tabs-view-vertical .elementor-tabs{display:flex}.elementor-widget-tabs.elementor-tabs-view-vertical .elementor-tabs-wrapper{flex-direction:column}.elementor-widget-tabs.elementor-tabs-view-vertical .elementor-tabs-content-wrapper{flex-grow:1;border-style:solid solid solid none}.elementor-widget-tabs.elementor-tabs-view-horizontal .elementor-tab-content{border-style:none solid solid}.elementor-widget-tabs.elementor-tabs-alignment-center .elementor-tabs-wrapper,.elementor-widget-tabs.elementor-tabs-alignment-end .elementor-tabs-wrapper,.elementor-widget-tabs.elementor-tabs-alignment-stretch .elementor-tabs-wrapper{display:flex}.elementor-widget-tabs.elementor-tabs-alignment-center .elementor-tabs-wrapper{justify-content:center}.elementor-widget-tabs.elementor-tabs-alignment-end .elementor-tabs-wrapper{justify-content:flex-end}.elementor-widget-tabs.elementor-tabs-alignment-stretch.elementor-tabs-view-horizontal .elementor-tab-title{width:100%}.elementor-widget-tabs.elementor-tabs-alignment-stretch.elementor-tabs-view-vertical .elementor-tab-title{height:100%}.elementor-tabs .elementor-tab-mobile-title{display:none}}<\/style>\t\t<div class=\"elementor-tabs\">\n\t\t\t<div class=\"elementor-tabs-wrapper\" role=\"tablist\" >\n\t\t\t\t\t\t\t\t\t<div id=\"elementor-tab-title-1251\" class=\"elementor-tab-title elementor-tab-desktop-title\" aria-selected=\"true\" data-tab=\"1\" role=\"tab\" tabindex=\"0\" aria-controls=\"elementor-tab-content-1251\" aria-expanded=\"false\">PRVO OBAVJE\u0160TENJE<\/div>\n\t\t\t\t\t\t\t\t\t<div id=\"elementor-tab-title-1252\" class=\"elementor-tab-title elementor-tab-desktop-title\" aria-selected=\"false\" data-tab=\"2\" role=\"tab\" tabindex=\"-1\" aria-controls=\"elementor-tab-content-1252\" aria-expanded=\"false\">DRUGO OBAVJE\u0160TENJE<\/div>\n\t\t\t\t\t\t\t<\/div>\n\t\t\t<div class=\"elementor-tabs-content-wrapper\" role=\"tablist\" aria-orientation=\"vertical\">\n\t\t\t\t\t\t\t\t\t<div class=\"elementor-tab-title elementor-tab-mobile-title\" aria-selected=\"true\" data-tab=\"1\" role=\"tab\" tabindex=\"0\" aria-controls=\"elementor-tab-content-1251\" aria-expanded=\"false\">PRVO OBAVJE\u0160TENJE<\/div>\n\t\t\t\t\t<div id=\"elementor-tab-content-1251\" class=\"elementor-tab-content elementor-clearfix\" data-tab=\"1\" role=\"tabpanel\" aria-labelledby=\"elementor-tab-title-1251\" tabindex=\"0\" hidden=\"false\"><p>PRVO OBAVJE\u0160TENJE \u2013 TRE\u0106I SIMPOZIJUM \u201ePrevencija je temelj zdravlja\u201d<\/p><p>Po\u0161tovane koleginice i kolege,<br \/>Zadovoljstvo nam je obavijestiti vas da JZU \u201eDom zdravlja\u201c Banja Luka organizuje Tre\u0107i simpozijum sa me\u0111unarodnim u\u010de\u0161\u0107em, koji \u0107e se odr\u017eati 22. i 23. maja 2026. godine u prostorijama JU \u201eBanski dvor \u2013 Kulturni centar\u201c i Hotela \u201eBosna\u201c u Banjoj Luci.<br \/>Ovaj stru\u010dni skup predstavlja priliku da zajedno promovi\u0161emo zna\u010daj preventivne medicine, razmijenimo znanja i iskustva iz prakse te diskutujemo o aktuelnim izazovima i inovacijama u zdravstvu.<br \/>Tematske cjeline simpozijuma uklju\u010duju:<br \/>Stru\u010dna predavanja za doktore medicine razli\u010ditih specijalnosti<br \/>Poseban program za doktore stomatologije<br \/>Edukativne sesije za medicinske sestre i tehni\u010dare<br \/>Tako\u0111e, u okviru simpozijuma bi\u0107e organizovane interaktivne radionice, koje \u0107e u\u010desnicima pru\u017eiti mogu\u0107nost aktivnog u\u010de\u0161\u0107a i prakti\u010dne primjene ste\u010denih znanja. Detalji o radionicama bi\u0107e objavljeni naknadno.<br \/>Simpozijum \u0107e biti akreditovan od strane Ministarstva zdravlja i socijalne za\u0161tite Republike Srpske, u skladu sa va\u017ee\u0107im pravilnicima o kontinuiranoj edukaciji zdravstvenih radnika.<br \/>Sve dodatne informacije, kao i prijavni obrasci i preliminarni program, bi\u0107e blagovremeno dostupni na zvani\u010dnoj internet stranici: www.domzdravljabanjaluka.com<br \/>Za upite i informacije:<br \/>Telefon: 051\/230-252<br \/>E-mail: simpozijum@domzdravljabanjaluka.com<br \/>Molimo vas da u svojim kalendarima rezervi\u0161ete ovaj datum. Radujemo se va\u0161em dolasku i zajedni\u010dkom doprinosu unapre\u0111enju preventivne zdravstvene za\u0161tite.<\/p><p>S po\u0161tovanjem,<\/p><p>DIREKTORICA<br \/>Prof. dr sci. med. Nevena Todorovi\u0107,<br \/>specijalista porodi\u010dne medicine, supspecijalista angiologije<\/p><\/div>\n\t\t\t\t\t\t\t\t\t<div class=\"elementor-tab-title elementor-tab-mobile-title\" aria-selected=\"false\" data-tab=\"2\" role=\"tab\" tabindex=\"-1\" aria-controls=\"elementor-tab-content-1252\" aria-expanded=\"false\">DRUGO OBAVJE\u0160TENJE<\/div>\n\t\t\t\t\t<div id=\"elementor-tab-content-1252\" class=\"elementor-tab-content elementor-clearfix\" data-tab=\"2\" role=\"tabpanel\" aria-labelledby=\"elementor-tab-title-1252\" tabindex=\"0\" hidden=\"hidden\"><p><strong>Po\u0161tovani,<\/strong><\/p><p>Obavje\u0161tavamo vas da JZU \u201eDom zdravlja\u201c u Banjoj Luci organizuje Tre\u0107i simpozijum sa me\u0111unarodnim u\u010de\u0161\u0107em \u201ePrevencija je temelj zdravlja\u201c, koji \u0107e se odr\u017eati 22. i 23. maja 2026. godine u prostorijama JU \u201eBanski dvor \u2013 Kulturni centar\u201c i hotela \u201eBosna\u201c u Banjoj Luci.<\/p><p>Ovaj me\u0111unarodni doga\u0111aj akreditovan je od strane Ministarstva zdravlja i socijalne za\u0161tite Republike Srpske, u skladu sa va\u017ee\u0107im Pravilnikom.<\/p><p>Program Simpozijuma obuhvata tri sesije namijenjene doktorima medicine razli\u010ditih specijalnosti, doktorima stomatologije, te medicinskim sestrama i tehni\u010darima. U okviru doga\u0111aja bi\u0107e organizovane i interaktivne edukacije na sljede\u0107e teme:<\/p><ul><li>\u201ePOCUS ultrazvuk\u201c,<\/li><li>Radionica ITLS pregleda djece \u2013 \u201ePrevencija sekundarnog povre\u0111ivanja djece\u201c,<\/li><li>Edukacija iz ultrazvu\u010dne dijagnostike \u0161titne \u017elijezde.<\/li><\/ul><p>Sve detaljne informacije o Simpozijumu mo\u017eete prona\u0107i na na\u0161oj zvani\u010dnoj web stranici: www.domzdravljabanjaluka.com.<\/p><p>Ukoliko ste zainteresovani za u\u010de\u0161\u0107e, molimo vas da se prijavite putem linka: <a href=\"https:\/\/kotizacije.com\/dom-zdravlja\/\">https:\/\/kotizacije.com\/dom-zdravlja\/<\/a>.<\/p><p>Za dodatna pitanja stojimo vam na raspolaganju putem telefona 051 230 252 ili e-mail adrese simpozijum@domzdravljabanjaluka.com.<\/p><p>\u00a0<\/p><p>S po\u0161tovanjem,<\/p><p>DIREKTORICA<br \/>Prof. dr sci. med. Nevena Todorovi\u0107,<br \/>spec. porodi\u010dne medicine,<br \/>supspecijalista angiologije<\/p><\/div>\n\t\t\t\t\t\t\t<\/div>\n\t\t<\/div>\n\t\t\t\t<\/div>\n\t\t\t\t<\/div>\n\t\t\t\t\t<\/div>\n\t\t\t\t<\/div>\n\t\t\t\t<\/div>\n\t\t\t\t\t\t\t<\/div>\n\t\t","protected":false},"excerpt":{"rendered":"<p>Aktuelnosti PRVO OBAVJE\u0160TENJE DRUGO OBAVJE\u0160TENJE PRVO OBAVJE\u0160TENJE PRVO OBAVJE\u0160TENJE \u2013 TRE\u0106I SIMPOZIJUM \u201ePrevencija je temelj zdravlja\u201d Po\u0161tovane koleginice i kolege,Zadovoljstvo nam je obavijestiti vas da JZU \u201eDom zdravlja\u201c Banja Luka organizuje Tre\u0107i simpozijum sa me\u0111unarodnim u\u010de\u0161\u0107em, koji \u0107e se odr\u017eati 22. i 23. maja 2026. godine u prostorijama JU \u201eBanski dvor \u2013 Kulturni centar\u201c i [&hellip;]<\/p>\n","protected":false},"author":1,"featured_media":0,"parent":0,"menu_order":0,"comment_status":"closed","ping_status":"closed","template":"elementor_header_footer","meta":{"footnotes":""},"class_list":["post-539","page","type-page","status-publish","hentry"],"_links":{"self":[{"href":"https:\/\/domzdravljabanjaluka.com\/simpozijum\/wp-json\/wp\/v2\/pages\/539","targetHints":{"allow":["GET"]}}],"collection":[{"href":"https:\/\/domzdravljabanjaluka.com\/simpozijum\/wp-json\/wp\/v2\/pages"}],"about":[{"href":"https:\/\/domzdravljabanjaluka.com\/simpozijum\/wp-json\/wp\/v2\/types\/page"}],"author":[{"embeddable":true,"href":"https:\/\/domzdravljabanjaluka.com\/simpozijum\/wp-json\/wp\/v2\/users\/1"}],"replies":[{"embeddable":true,"href":"https:\/\/domzdravljabanjaluka.com\/simpozijum\/wp-json\/wp\/v2\/comments?post=539"}],"version-history":[{"count":40,"href":"https:\/\/domzdravljabanjaluka.com\/simpozijum\/wp-json\/wp\/v2\/pages\/539\/revisions"}],"predecessor-version":[{"id":1170,"href":"https:\/\/domzdravljabanjaluka.com\/simpozijum\/wp-json\/wp\/v2\/pages\/539\/revisions\/1170"}],"wp:attachment":[{"href":"https:\/\/domzdravljabanjaluka.com\/simpozijum\/wp-json\/wp\/v2\/media?parent=539"}],"curies":[{"name":"wp","href":"https:\/\/api.w.org\/{rel}","templated":true}]}}