{"id":1144,"date":"2026-03-30T15:42:44","date_gmt":"2026-03-30T15:42:44","guid":{"rendered":"https:\/\/domzdravljabanjaluka.com\/simpozijum\/?page_id=1144"},"modified":"2026-03-30T15:43:50","modified_gmt":"2026-03-30T15:43:50","slug":"radionice","status":"publish","type":"page","link":"https:\/\/domzdravljabanjaluka.com\/simpozijum\/radionice\/","title":{"rendered":"Radionice"},"content":{"rendered":"\t\t<div data-elementor-type=\"wp-page\" data-elementor-id=\"1144\" class=\"elementor elementor-1144\">\n\t\t\t\t\t\t\t<div class=\"elementor-element elementor-element-97a0777 e-con-full e-flex wpr-particle-no wpr-jarallax-no wpr-parallax-no wpr-sticky-section-no e-con e-parent\" data-id=\"97a0777\" data-element_type=\"container\" data-settings=\"{&quot;content_width&quot;:&quot;full&quot;,&quot;background_background&quot;:&quot;classic&quot;}\" data-core-v316-plus=\"true\">\n\t\t<div class=\"elementor-element elementor-element-f1ccca3 e-flex e-con-boxed wpr-particle-no wpr-jarallax-no wpr-parallax-no wpr-sticky-section-no e-con e-child\" data-id=\"f1ccca3\" data-element_type=\"container\" data-settings=\"{&quot;content_width&quot;:&quot;boxed&quot;}\">\n\t\t\t\t\t<div class=\"e-con-inner\">\n\t\t\t\t<div class=\"elementor-element elementor-element-deacad2 elementor-widget elementor-widget-text-editor\" data-id=\"deacad2\" data-element_type=\"widget\" data-widget_type=\"text-editor.default\">\n\t\t\t\t<div class=\"elementor-widget-container\">\n\t\t\t<style>\/*! elementor - v3.16.0 - 17-10-2023 *\/\n.elementor-widget-text-editor.elementor-drop-cap-view-stacked .elementor-drop-cap{background-color:#69727d;color:#fff}.elementor-widget-text-editor.elementor-drop-cap-view-framed .elementor-drop-cap{color:#69727d;border:3px solid;background-color:transparent}.elementor-widget-text-editor:not(.elementor-drop-cap-view-default) .elementor-drop-cap{margin-top:8px}.elementor-widget-text-editor:not(.elementor-drop-cap-view-default) .elementor-drop-cap-letter{width:1em;height:1em}.elementor-widget-text-editor .elementor-drop-cap{float:left;text-align:center;line-height:1;font-size:50px}.elementor-widget-text-editor .elementor-drop-cap-letter{display:inline-block}<\/style>\t\t\t\t<h3><strong>Preliminarni program radionica Tre\u0107eg simpozijuma JZU \u201eDoma zdravlja\u201c u Banjoj Luci sa me\u0111unarodnim u\u010de\u0161\u0107em \u2013 \u201cPrevencija je temelj zdravlja\u201d<\/strong><\/h3><p>\u00a0<\/p><p><strong>Datum i vrijeme: Petak i Subota, 22. i 23.05.2026. godine<\/strong><\/p><p><strong>Mjesto odr\u017eavanja: Kulturni centar Banski dvor<\/strong><\/p><p>\u00a0<\/p><p>\u00a0<\/p><p>Radionica I &#8211; <strong>POCUS ultrazvuk (Radionica urgentnog ultrazvuka)<\/strong><\/p><p>Datum odr\u017eavanja radionice: 22.05.2026. godine<\/p><p>Po\u010detak odr\u017eavanja radionice: 12:40 \u010dasova<\/p><p>Mjesto odr\u017eavanja radionice: Kulturni centar Banski dvor<\/p><p>\u00a0<\/p><p>Radionica II \u2013 <strong>ITLS pregledi djece \u2013 \u201cPrevencija sekundarnog povre\u0111ivanja djece\u201d<\/strong><\/p><p>Datum odr\u017eavanja radionice: 22.05.2026. godine<\/p><p>Po\u010detak odr\u017eavanja radionice: 12:40 \u010dasova<\/p><p>Mjesto odr\u017eavanja radionice: Kulturni centar Banski dvor<\/p><p>\u00a0<\/p><p>Radionica III \u2013 <strong>Edukacija iz ultrazvu\u010dne dijagnostike \u0161titne \u017elijezde<\/strong><\/p><p>Datum odr\u017eavanja radionice: 23.05.2026. godine<\/p><p>Po\u010detak odr\u017eavanja radionice: 09:00 \u010dasova<\/p><p>Mjesto odr\u017eavanja radionice: Kulturni centar Banski dvor<\/p><p>Napomena: Radionica \u0107e se odr\u017eavati u dvije grupe, sa po 10 polaznika. Ukupno vrijeme trajanja radionice je \u010detiri sata.<\/p>\t\t\t\t\t\t<\/div>\n\t\t\t\t<\/div>\n\t\t\t\t\t<\/div>\n\t\t\t\t<\/div>\n\t\t\t\t<\/div>\n\t\t\t\t\t\t\t<\/div>\n\t\t","protected":false},"excerpt":{"rendered":"<p>Preliminarni program radionica Tre\u0107eg simpozijuma JZU \u201eDoma zdravlja\u201c u Banjoj Luci sa me\u0111unarodnim u\u010de\u0161\u0107em \u2013 \u201cPrevencija je temelj zdravlja\u201d \u00a0 Datum i vrijeme: Petak i Subota, 22. i 23.05.2026. godine Mjesto odr\u017eavanja: Kulturni centar Banski dvor \u00a0 \u00a0 Radionica I &#8211; POCUS ultrazvuk (Radionica urgentnog ultrazvuka) Datum odr\u017eavanja radionice: 22.05.2026. godine Po\u010detak odr\u017eavanja radionice: 12:40 [&hellip;]<\/p>\n","protected":false},"author":1,"featured_media":0,"parent":0,"menu_order":0,"comment_status":"closed","ping_status":"closed","template":"elementor_header_footer","meta":{"footnotes":""},"class_list":["post-1144","page","type-page","status-publish","hentry"],"_links":{"self":[{"href":"https:\/\/domzdravljabanjaluka.com\/simpozijum\/wp-json\/wp\/v2\/pages\/1144","targetHints":{"allow":["GET"]}}],"collection":[{"href":"https:\/\/domzdravljabanjaluka.com\/simpozijum\/wp-json\/wp\/v2\/pages"}],"about":[{"href":"https:\/\/domzdravljabanjaluka.com\/simpozijum\/wp-json\/wp\/v2\/types\/page"}],"author":[{"embeddable":true,"href":"https:\/\/domzdravljabanjaluka.com\/simpozijum\/wp-json\/wp\/v2\/users\/1"}],"replies":[{"embeddable":true,"href":"https:\/\/domzdravljabanjaluka.com\/simpozijum\/wp-json\/wp\/v2\/comments?post=1144"}],"version-history":[{"count":4,"href":"https:\/\/domzdravljabanjaluka.com\/simpozijum\/wp-json\/wp\/v2\/pages\/1144\/revisions"}],"predecessor-version":[{"id":1149,"href":"https:\/\/domzdravljabanjaluka.com\/simpozijum\/wp-json\/wp\/v2\/pages\/1144\/revisions\/1149"}],"wp:attachment":[{"href":"https:\/\/domzdravljabanjaluka.com\/simpozijum\/wp-json\/wp\/v2\/media?parent=1144"}],"curies":[{"name":"wp","href":"https:\/\/api.w.org\/{rel}","templated":true}]}}